{"id":1711,"date":"2025-05-12T06:00:00","date_gmt":"2025-05-12T12:00:00","guid":{"rendered":"https:\/\/mejorsegurodeauto.mx\/blog\/?page_id=1711"},"modified":"2025-05-19T15:38:58","modified_gmt":"2025-05-19T21:38:58","slug":"aba-seguros-cobertura-limitada","status":"publish","type":"page","link":"https:\/\/mejorsegurodeauto.mx\/blog\/aba-seguros-cobertura-limitada\/","title":{"rendered":"ABA Seguros Cobertura Limitada"},"content":{"rendered":"\n<h2><span class=\"ez-toc-section\" id=\"Descubre_los_mejores_beneficios_de_la_cobertura_limitada_de_ABA_Seguros_en_MejorSegurodeAutoMx\"><\/span>Descubre los mejores beneficios de la cobertura limitada de ABA Seguros en MejorSegurodeAuto.Mx<span class=\"ez-toc-section-end\"><\/span><\/h2><div id=\"ez-toc-container\" class=\"ez-toc-v2_0_82_2 counter-hierarchy ez-toc-counter ez-toc-white ez-toc-container-direction\">\n<div class=\"ez-toc-title\" style=\"cursor:inherit\">Este art\u00edculo contiene:<\/div>\n<label for=\"ez-toc-cssicon-toggle-item-69f341db3396f\" class=\"ez-toc-cssicon-toggle-label\"><span class=\"ez-toc-cssicon\"><span class=\"eztoc-hide\" style=\"display:none;\">Toggle<\/span><span class=\"ez-toc-icon-toggle-span\"><svg style=\"fill: #565656;color:#565656\" xmlns=\"http:\/\/www.w3.org\/2000\/svg\" class=\"list-377408\" width=\"20px\" height=\"20px\" viewBox=\"0 0 24 24\" fill=\"none\"><path d=\"M6 6H4v2h2V6zm14 0H8v2h12V6zM4 11h2v2H4v-2zm16 0H8v2h12v-2zM4 16h2v2H4v-2zm16 0H8v2h12v-2z\" fill=\"currentColor\"><\/path><\/svg><svg style=\"fill: #565656;color:#565656\" class=\"arrow-unsorted-368013\" xmlns=\"http:\/\/www.w3.org\/2000\/svg\" width=\"10px\" height=\"10px\" viewBox=\"0 0 24 24\" version=\"1.2\" baseProfile=\"tiny\"><path d=\"M18.2 9.3l-6.2-6.3-6.2 6.3c-.2.2-.3.4-.3.7s.1.5.3.7c.2.2.4.3.7.3h11c.3 0 .5-.1.7-.3.2-.2.3-.5.3-.7s-.1-.5-.3-.7zM5.8 14.7l6.2 6.3 6.2-6.3c.2-.2.3-.5.3-.7s-.1-.5-.3-.7c-.2-.2-.4-.3-.7-.3h-11c-.3 0-.5.1-.7.3-.2.2-.3.5-.3.7s.1.5.3.7z\"\/><\/svg><\/span><\/span><\/label><input type=\"checkbox\"  id=\"ez-toc-cssicon-toggle-item-69f341db3396f\"  aria-label=\"Toggle\" \/><nav><ul class='ez-toc-list ez-toc-list-level-1 ' ><li class='ez-toc-page-1 ez-toc-heading-level-2'><a class=\"ez-toc-link ez-toc-heading-1\" href=\"https:\/\/mejorsegurodeauto.mx\/blog\/aba-seguros-cobertura-limitada\/#Descubre_los_mejores_beneficios_de_la_cobertura_limitada_de_ABA_Seguros_en_MejorSegurodeAutoMx\" >Descubre los mejores beneficios de la cobertura limitada de ABA Seguros en MejorSegurodeAuto.Mx<\/a><\/li><li class='ez-toc-page-1 ez-toc-heading-level-2'><a class=\"ez-toc-link ez-toc-heading-2\" href=\"https:\/\/mejorsegurodeauto.mx\/blog\/aba-seguros-cobertura-limitada\/#%C2%BFCual_es_la_importancia_de_contar_con_un_seguro_de_cobertura_limitada\" >\u00bfCu\u00e1l es la importancia de contar con un seguro de cobertura limitada?<\/a><\/li><li class='ez-toc-page-1 ez-toc-heading-level-2'><a class=\"ez-toc-link ez-toc-heading-3\" href=\"https:\/\/mejorsegurodeauto.mx\/blog\/aba-seguros-cobertura-limitada\/#Beneficios_de_contratar_mi_seguro_de_auto_de_cobertura_limitada_con_ABA_Seguros\" >Beneficios de contratar mi seguro de auto de cobertura limitada con ABA Seguros<\/a><\/li><li class='ez-toc-page-1 ez-toc-heading-level-2'><a class=\"ez-toc-link ez-toc-heading-4\" href=\"https:\/\/mejorsegurodeauto.mx\/blog\/aba-seguros-cobertura-limitada\/#Coberturas_que_puedes_adquirir_desde_la_contratacion_de_un_seguro_de_cobertura_limitada\" >Coberturas que puedes adquirir desde la contrataci\u00f3n de un seguro de cobertura limitada<\/a><\/li><li class='ez-toc-page-1 ez-toc-heading-level-2'><a class=\"ez-toc-link ez-toc-heading-5\" href=\"https:\/\/mejorsegurodeauto.mx\/blog\/aba-seguros-cobertura-limitada\/#%C2%BFQue_coberturas_van_incluidas\" >\u00bfQu\u00e9 coberturas van incluidas?<\/a><\/li><li class='ez-toc-page-1 ez-toc-heading-level-2'><a class=\"ez-toc-link ez-toc-heading-6\" href=\"https:\/\/mejorsegurodeauto.mx\/blog\/aba-seguros-cobertura-limitada\/#%C2%BFComo_puedo_evitar_que_me_roben_el_auto\" >\u00bfC\u00f3mo puedo evitar que me roben el auto?<\/a><\/li><\/ul><\/nav><\/div>\n\n\n\n\n<p><span style=\"font-weight: 400;\">En M\u00e9xico se tiene estipulado una nueva ley en donde indican que todos los autos, sin importar a\u00f1o, modelo, marca o el valor de \u00e9l, deb\u00eda contar con un seguro de auto y que mejor que elegir Con ABA Seguros Cobertura Limitada, en donde al no ser la cobertura obligada, vas a recibir un poco m\u00e1s de protecci\u00f3n que con la de<\/span><a href=\"https:\/\/mejorsegurodeauto.mx\/blog\/responsabilidad-civil-cobertura-obligatoria\/\"> <b>Responsabilidad Civil- Cobertura Obligatoria.<\/b><\/a><\/p>\n\n\n\n<h2><span class=\"ez-toc-section\" id=\"%C2%BFCual_es_la_importancia_de_contar_con_un_seguro_de_cobertura_limitada\"><\/span>\u00bfCu\u00e1l es la importancia de contar con un seguro de cobertura limitada?<span class=\"ez-toc-section-end\"><\/span><\/h2>\n\n\n\n<p><span style=\"font-weight: 400;\">La importancia de contar con un <\/span><b>seguro de cobertura limitada<\/b><span style=\"font-weight: 400;\"> en la actualidad, es para proteger al auto de todos los da\u00f1os que se lleguen a causar a la unidad, como por ejemplo un accidente de auto, y el robo del mismo, pero sin importar la protecci\u00f3n de las personas que van en el interior del veh\u00edculo, y por ello es importante que se contrate un respaldo vehicular que cuida de tus bienes y patrimonio de tu familia.<\/span><\/p>\n\n\n\n<p><span style=\"font-weight: 400;\">Entregar la documentaci\u00f3n directamente a su agente.<\/span><\/p>\n\n\n\n<p><span style=\"font-weight: 400;\">No aplica para autos extranjeros.<\/span><\/p>\n\n\n\n<p><b>Consejos de uso:<\/b><\/p>\n\n\n\n<ol><li style=\"font-weight: 400;\" aria-level=\"1\"><i><span style=\"font-weight: 400;\">Junta a la car\u00e1tula de tu p\u00f3liza se entregan tambi\u00e9n las condiciones generales y particulares que integran su contrato de <strong>seguro de cobertura limitada<\/strong>, y es importante que leas tu contrato y conozcas perfectamente el tipo de beneficios que obtienes con tu cobertura.<\/span><\/i><\/li><li style=\"font-weight: 400;\" aria-level=\"1\"><i><span style=\"font-weight: 400;\">Verifica que los datos y los del auto aparezcan correctamente en la car\u00e1tula de la p\u00f3liza y en caso de existir alg\u00fan error, contactes con tu agente para que se corrija, ya que si se queda as\u00ed con ese error, la aseguradora ni otras van a responder por tus da\u00f1os.<\/span><\/i><\/li><li style=\"font-weight: 400;\" aria-level=\"1\"><i><span style=\"font-weight: 400;\">Si el contenido de la p\u00f3liza o sus modificaciones no concuerden con la oferta, el asegurado puede pedir la rectificaci\u00f3n dentro de los 30 d\u00edas, ya que despu\u00e9s de esos d\u00edas quedar\u00e1n aceptadas las estipulaciones de la p\u00f3liza o de sus modificaciones.<\/span><\/i><\/li><li style=\"font-weight: 400;\" aria-level=\"1\"><i><span style=\"font-weight: 400;\">Siempre tener la p\u00f3liza cerca.<\/span><\/i><\/li><\/ol>\n\n\n\n<h2><span class=\"ez-toc-section\" id=\"Beneficios_de_contratar_mi_seguro_de_auto_de_cobertura_limitada_con_ABA_Seguros\"><\/span><b>Beneficios de contratar mi seguro de auto de cobertura limitada con ABA Seguros<\/b><span class=\"ez-toc-section-end\"><\/span><\/h2>\n\n\n\n<p><span style=\"font-weight: 400;\">ABA Seguros es una empresa aseguradora muy importante en el pa\u00eds, por ende est\u00e1 dedicada a ofrecerle a sus clientes, adem\u00e1s de las mejores coberturas, la posibilidad de hacer m\u00e1s f\u00e1cil su tr\u00e1mite de su<\/span><a href=\"https:\/\/mejorsegurodeauto.mx\/blog\/poliza-de-seguros-para-auto-como-funciona\/\" target=\"_blank\" rel=\"noopener\"> <b>p\u00f3liza de seguro<\/b><\/a><span style=\"font-weight: 400;\">.<\/span><\/p>\n\n\n\n<p><span style=\"font-weight: 400;\">Como principales beneficios podemos considerar que cuenta con los siguientes:<\/span><\/p>\n\n\n\n<ul><li style=\"font-weight: 400;\" aria-level=\"1\"><strong>Seguimiento en l\u00ednea:<\/strong><span style=\"font-weight: 400;\"> Al realizar una llamada o entrar a la p\u00e1gina de internet de ABA, s\u00f3lo debes ingresar si cuentas con ABA Seguros Cobertura Limitada u otra, para que se te brinde la informaci\u00f3n acerca del avance de tu reparaci\u00f3n y est\u00e1 disponible los 7 d\u00edas de la semana, durante las 24 horas.<\/span><\/li><li style=\"font-weight: 400;\" aria-level=\"1\"><strong>Gr\u00faa:<\/strong><span style=\"font-weight: 400;\"> Vas a contar con el pago del corral\u00f3n y gr\u00faa en caso de afectar la cobertura de da\u00f1os.<\/span><\/li><li style=\"font-weight: 400;\" aria-level=\"1\"><strong>Aplicaci\u00f3n M\u00f3vil:<\/strong><span style=\"font-weight: 400;\"> Puedes organizar y cotizar la p\u00f3liza de ABA Seguros desde la aplicaci\u00f3n m\u00f3vil, en donde vas a poder revisar los cambios que se le lleguen a hacer a la aplicaci\u00f3n y asimismo reportar un siniestro. Adem\u00e1s de que es compatible para IOS y Android y es gratuita para los usuarios y portadores de un <strong>seguro de cobertura limitada<\/strong> con ABA Seguros.<\/span><\/li><\/ul>\n\n\n\n<p><span style=\"font-weight: 400;\">La ayuda llegar\u00e1 lo m\u00e1s pronto posible, siempre y cuando hagas el reporte de tu siniestro y entregues los documentos que la aseguradora te pedir\u00e1 para darte el respaldo adecuado y que la ayuda llegue lo m\u00e1s pronto posible.<\/span><\/p>\n\n\n\n<div class=\"wp-block-image\"><figure class=\"aligncenter size-full is-resized\"><img loading=\"lazy\" src=\"https:\/\/mejorsegurodeauto.mx\/blog\/wp-content\/uploads\/2025\/05\/seguros-cobertura-limitada.jpg\" alt=\"seguros cobertura limitada\" class=\"wp-image-3480\" width=\"608\" height=\"408\"\/><\/figure><\/div>\n\n\n\n<h2><span class=\"ez-toc-section\" id=\"Coberturas_que_puedes_adquirir_desde_la_contratacion_de_un_seguro_de_cobertura_limitada\"><\/span><b>Coberturas que puedes adquirir desde la contrataci\u00f3n de un seguro de cobertura limitada<\/b><span class=\"ez-toc-section-end\"><\/span><\/h2>\n\n\n\n<p><span style=\"font-weight: 400;\">No hay nada m\u00e1s bonito y nada m\u00e1s importante que contratar un seguro de cobertura limitada adecuado para tu unidad y sobre todo que pueda proteger todo tipo de situaciones que pueden poner en riesgo a tus bienes, como lo es tu auto y sin olvidar la seguridad de tu familia o acompa\u00f1antes que van dentro del auto.<\/span><\/p>\n\n\n\n<p><span style=\"font-weight: 400;\">Por eso es mejor comenzar a <a rel=\"noopener\" href=\"https:\/\/mejorsegurodeauto.mx\/cotizar-seguro-de-auto\/\" target=\"_blank\">cotizar un seguro de auto<\/a> y elegir el que mejor cubra tus necesidades y las de tu auto sin anteponer el costo, antes que tu seguridad.<\/span><\/p>\n\n\n\n<h2><span class=\"ez-toc-section\" id=\"%C2%BFQue_coberturas_van_incluidas\"><\/span>\u00bfQu\u00e9 coberturas van incluidas?<span class=\"ez-toc-section-end\"><\/span><\/h2>\n\n\n\n<ul><li style=\"font-weight: 400;\" aria-level=\"1\"><strong>Da\u00f1os Materiales:<\/strong><span style=\"font-weight: 400;\"> Es el tipo de respaldo que ayuda al asegurado en caso de que el auto termine con da\u00f1os por choque, volcadura o bien por hurac\u00e1n o granizo.<\/span><\/li><li style=\"font-weight: 400;\" aria-level=\"1\"><strong>Robo Total:<\/strong><span style=\"font-weight: 400;\"> Puede ABA Seguros solventar econ\u00f3micamente por la p\u00e9rdida de tu auto.<\/span><\/li><li style=\"font-weight: 400;\" aria-level=\"1\"><strong>Da\u00f1os a Terceros:<\/strong><span style=\"font-weight: 400;\"> Es el tipo de protecci\u00f3n que ayuda a las personas que hayas llegado a afectar, ya sea en su auto o en su persona.<\/span><\/li><li style=\"font-weight: 400;\" aria-level=\"1\"><strong>Gastos M\u00e9dicos a Ocupantes:<\/strong><span style=\"font-weight: 400;\"> En caso de accidente de auto, la aseguradora se har\u00e1 responsable por los gastos m\u00e9dicos de los integrantes de tu auto.<\/span><\/li><li style=\"font-weight: 400;\" aria-level=\"1\"><strong>Asistencia Jur\u00eddica\/ Legal:<\/strong><span style=\"font-weight: 400;\"> En caso de verte involucrado en problemas legales a causa de un accidente de coche, la aseguradora te apoyar\u00e1 con la<\/span><a href=\"https:\/\/mejorsegurodeauto.mx\/blog\/que-es-la-asistencia-juridica\/\" target=\"_blank\" rel=\"noopener\"> asistencia jur\u00eddica<\/a><span style=\"font-weight: 400;\"> e incluso con el pago de una fianza.<\/span><\/li><li style=\"font-weight: 400;\" aria-level=\"1\"><strong>Auto Relevo:<\/strong><span style=\"font-weight: 400;\"> El auto relevo es una de las mejores coberturas que una aseguradora ofrece y es cuando te prestan una unidad en lo que se te regresa la tuya, ya sea por reparaci\u00f3n o robo.<\/span><\/li><li style=\"font-weight: 400;\" aria-level=\"1\"><strong>Asistencia en Viajes:<\/strong><span style=\"font-weight: 400;\"> Cuando te encuentres de viaje vas a poder recibir la Asistencia Vial, m\u00e1s cuando te encuentres en el extranjero.<\/span><\/li><li style=\"font-weight: 400;\" aria-level=\"1\"><strong>Gestor\u00eda Vial:<\/strong><span style=\"font-weight: 400;\"> Es el apoyo que te brindan con el tr\u00e1mite de documentos como el cambio de propietario, baja de placas y responsabilidad civil familiar.<\/span><\/li><li style=\"font-weight: 400;\" aria-level=\"1\"><strong>RC Familiar y personas:<\/strong><span style=\"font-weight: 400;\"> Es el apoyo que se puede recibir por los da\u00f1os que se ocasionen a terceros, y familiares.<\/span><\/li><\/ul>\n\n\n\n<h3><b>Paquete de ABA Seguros de&nbsp; cobertura limitada<\/b><\/h3>\n\n\n\n<p>En MejorSegurodeAuto.Mx te compartimos el paquete de cobertura limitada y lo que incluye para tu seguro de auto:<\/p>\n\n\n\n<h3><b>\u00bfC\u00f3mo puedo contratar un seguro de auto para obtener la seguridad de mi auto y de mi familia?<\/b><\/h3>\n\n\n\n<p><span style=\"font-weight: 400;\">Lo m\u00e1s importante es que conozcas el tipo de necesidades que tiene tu auto y t\u00fa como conductor a la hora de conducir y mediante a eso, contratar el tipo de cobertura que sirva para respaldar a tu coche de todo da\u00f1o, como puede ser el robo total o parcial que abarque m\u00e1s de lo respaldado e incluso la p\u00e9rdida total por accidente.<\/span><\/p>\n\n\n\n<figure class=\"wp-block-table table table-responsive table-striped table-hover\"><table><thead><tr><td><b>Cobertura<\/b><\/td><td><b>Suma Asegurada<\/b><\/td><\/tr><\/thead><tbody><tr><td>Robo Total<\/td><td>Valor comercial del veh\u00edculo<\/td><\/tr><tr><td>Responsabilidad Civil (Da\u00f1os a Terceros)<\/td><td>$1,500,000<\/td><\/tr><tr><td>Responsabilidad Familiar<\/td><td>$500,000<\/td><\/tr><tr><td>Gastos M\u00e9dicos Ocupantes<\/td><td>$400,000<\/td><\/tr><\/tbody><\/table><\/figure>\n\n\n\n<p><span style=\"font-weight: 400;\">En <\/span><b>Mejor Seguro de Auto\u00ae<\/b><span style=\"font-weight: 400;\"> nos encantar\u00eda ayudarte en la contrataci\u00f3n de tu p\u00f3liza de seguro y por ende creamos \u00e9ste contenido para explicar lo m\u00e1s importante de ABA Seguros Cobertura Limitada, por si ABA Seguros es tu principal opci\u00f3n.<\/span><\/p>\n\n\n\n<p><span style=\"font-weight: 400;\">Nuestro n\u00famero telef\u00f3nico es <\/span><b><i><a href=\"tel:5593170452\"><a href=\"tel:5593170452\">55 9317 0452<\/a><\/a> <\/i><\/b><span style=\"font-weight: 400;\">en la opci\u00f3n n\u00famero 1 para contrataci\u00f3n, en donde un asesor podr\u00e1 brindarte la mayor informaci\u00f3n de cualquier cobertura, incluyendo la limitada para que puedas contratar el mejor respaldo para tu coche.<\/span><\/p>\n\n\n\n<h3><b>Requisitos y restricciones para la contrataci\u00f3n de un seguro de cobertura limitada<\/b><\/h3>\n\n\n\n<p><span style=\"font-weight: 400;\">Al contratar tu seguro de cobertura limitada necesitas:<\/span><\/p>\n\n\n\n<ul><li><i><span style=\"font-weight: 400;\">Copia de la Factura o Tarjeta de circulaci\u00f3n vehicular.<\/span><\/i><\/li><li><i><span style=\"font-weight: 400;\">Identificaci\u00f3n Oficial del Propietario.<\/span><\/i><\/li><li><i><span style=\"font-weight: 400;\">Comunicarse al <a href=\"tel:5593170452\">55 9317 0452<\/a> y seleccionar la opci\u00f3n n\u00famero 1 y posteriormente un asesor responder\u00e1 tu llamada.<\/span><\/i><\/li><li><i><span style=\"font-weight: 400;\">Tambi\u00e9n puede presentarse en cualquiera de los puntos de venta.<\/span><\/i><\/li><li><i><span style=\"font-weight: 400;\">Puede utilizar el comparador de seguros<\/span><\/i><\/li><\/ul>\n\n\n\n<h4><b>\u00bfQu\u00e9 pasa si no contrato un seguro de cobertura limitada?<\/b><\/h4>\n\n\n\n<p><span style=\"font-weight: 400;\">El seguro de auto en M\u00e9xico es importante, ya que como se menciona, es un seguro que se le obliga a todo conductor y entre las coberturas que se ofrecen como es la de Responsabilidad Civil, ABA Seguros Cobertura Limitada ayuda a que tengas un poco m\u00e1s de protecci\u00f3n, pero no como la ABA Seguros Cobertura Amplia o la Amplia Plus con las que vas a poder obtener un mayor rango de cobertura y podr\u00e1s conducir m\u00e1s seguro y con confianza.<\/span><\/p>\n\n\n\n<p><span style=\"font-weight: 400;\">En dado de caso de que no contrates una cobertura de seguro de cobertura limitada con ABA Seguros o cualquier otra empresa aseguradora, el precio podr\u00eda llegar a ser muy caro, como obtener una multa que puede llegar a ser de $4,100 pesos mexicanos o incluso que a tu auto se lo lleven al corral\u00f3n y no podr\u00e1s transitar por carreteras,caminos y territorio federal de la<\/span><a href=\"http:\/\/www.capufe.gob.mx\/\" target=\"_blank\" rel=\"noopener\"><span style=\"font-weight: 400;\"> Capufe<\/span><\/a><span style=\"font-weight: 400;\">.<\/span><\/p>\n\n\n\n<h4><b>Seguros de Autos de cobertura limitada al mejor precio<\/b><\/h4>\n\n\n\n<p><span style=\"font-weight: 400;\">Si lo que buscas es ahorrar en la contrataci\u00f3n de tu seguro de auto, te sugerimos contratar con nosotros, ya que podr\u00e1s recibir un descuento de hasta el 40% al usar nuestra l\u00ednea telef\u00f3nica o al ingresar en la p\u00e1gina<\/span><a href=\"https:\/\/mejorsegurodeauto.mx\/\"> <b>www.mejorsegurodeauto.mx<\/b><\/a><span style=\"font-weight: 400;\"> y usar el comparador de seguros.<\/span><\/p>\n\n\n\n<p><span style=\"font-weight: 400;\">En donde \u00fanicamente deber\u00e1s ingresar tus datos b\u00e1sicos, como nombre, edad, tel\u00e9fono, y datos del auto e e-mail, en donde te llegar\u00e1 la cotizaci\u00f3n para que puedas considerar cu\u00e1l es la que mejor te ayuda en tu seguridad.<\/span><\/p>\n\n\n\n<p><span style=\"font-weight: 400;\">Tambi\u00e9n puedes utilizar fechas como es el Buen Fin o Hot Sale, entre otros.<\/span><\/p>\n\n\n\n<figure class=\"wp-block-image size-full\"><img loading=\"lazy\" width=\"600\" height=\"400\" src=\"https:\/\/mejorsegurodeauto.mx\/blog\/wp-content\/uploads\/2025\/05\/seguros-cobertura-limitada-1.jpg\" alt=\"\" class=\"wp-image-3481\" srcset=\"https:\/\/mejorsegurodeauto.mx\/blog\/wp-content\/uploads\/2025\/05\/seguros-cobertura-limitada-1.jpg 600w, https:\/\/mejorsegurodeauto.mx\/blog\/wp-content\/uploads\/2025\/05\/seguros-cobertura-limitada-1-300x200.jpg 300w\" sizes=\"(max-width: 600px) 100vw, 600px\" \/><\/figure>\n\n\n\n<div class=\"wp-block-group\"><div class=\"wp-block-group__inner-container\"><div style=\"margin: 20px 0; border: 2px solid #5BBE42; padding: 10px; border-radius: 8px; background-color: #FFFFFF; text-align: left; display: inline-block;\">\n  <b>\u00a1Esto te puede interesar!: <\/b><a href=\"https:\/\/mejorsegurodeauto.mx\/blog\/seguro-auto-linea\/\" target=\"_blank\" rel=\"noopener\"><br \/>\n    Contrata tu Seguro de Auto en L\u00ednea<br \/>\n  <\/a>\n<\/div>\n<\/div><\/div>\n\n\n\n<h2><span class=\"ez-toc-section\" id=\"%C2%BFComo_puedo_evitar_que_me_roben_el_auto\"><\/span> <b>\u00bfC\u00f3mo puedo evitar que me roben el auto?<\/b> <span class=\"ez-toc-section-end\"><\/span><\/h2>\n\n\n\n<p><span style=\"font-weight: 400;\">Cuando una de las personas aseguradas con<\/span><a href=\"https:\/\/mejorsegurodeauto.mx\/seguros-aba\/\"> <span style=\"font-weight: 400;\">ABA Seguros<\/span><\/a><span style=\"font-weight: 400;\"> Cobertura Limitada es v\u00edctima de robo de su auto, lo primero y m\u00e1s importante que debe hacer, es reportar el auto a la l\u00ednea ciudadana, en donde quedar\u00e1 registrado el n\u00famero de placa, color, modelo y otros datos del coche y de esa forma llega a la polic\u00eda para que se comience a tomar cartas en asunto.<\/span><\/p>\n\n\n\n<p><span style=\"font-weight: 400;\">Al tener en una base de datos la informaci\u00f3n de la manera m\u00e1s r\u00e1pida, ayudar\u00e1 a que el auto sea encontrado de la forma m\u00e1s r\u00e1pida posible. Es por eso que es m\u00e1s f\u00e1cil encontrar el auto si se reporta de manera inmediata.<\/span><\/p>\n\n\n\n<p><span style=\"font-weight: 400;\">La l\u00ednea ABA Seguros <a href=\"tel:01\n8007122828\">01 800 712 2828<\/a> y es en donde puedes reportar el robo de tu unidad de transporte. Existen algunas recomendaciones que debes seguir para que no seas una v\u00edctima potencial para el robo de tu unidad:<\/span><\/p>\n\n\n\n<ul><li style=\"font-weight: 400;\" aria-level=\"1\"><i><span style=\"font-weight: 400;\">Cierra las puertas con llave<\/span><\/i><i><span style=\"font-weight: 400;\"><br><\/span><\/i><\/li><li style=\"font-weight: 400;\" aria-level=\"1\"><i><span style=\"font-weight: 400;\">Retira las llaves del auto cada vez que salgas<\/span><\/i><i><span style=\"font-weight: 400;\"><br><\/span><\/i><\/li><li style=\"font-weight: 400;\" aria-level=\"1\"><i><span style=\"font-weight: 400;\">No dejes una llave de repuesto cerca del veh\u00edculo, ni las tengas a la mano al bajar<\/span><\/i><i><span style=\"font-weight: 400;\"><br><\/span><\/i><\/li><li style=\"font-weight: 400;\" aria-level=\"1\"><i><span style=\"font-weight: 400;\">Cierra las ventanas, es mejor que uses el aire acondicionado<\/span><\/i><i><span style=\"font-weight: 400;\"><br><\/span><\/i><\/li><li style=\"font-weight: 400;\" aria-level=\"1\"><i><span style=\"font-weight: 400;\">Estaci\u00f3nate en lugares visibles y con gente circulando.<\/span><\/i><\/li><li style=\"font-weight: 400;\" aria-level=\"1\"><i><span style=\"font-weight: 400;\">Instala un sistema de inmovilizador de veh\u00edculos.<\/span><\/i><\/li><li style=\"font-weight: 400;\" aria-level=\"1\"><i><span style=\"font-weight: 400;\">Instala un sistema de rastreo e incluso un sistema de c\u00e1maras de vigilancia.<\/span><\/i><\/li><li style=\"font-weight: 400;\" aria-level=\"1\"><i><span style=\"font-weight: 400;\">Manda a poner una alarma.<\/span><\/i><\/li><\/ul>\n\n\n\n<p><span style=\"font-weight: 400;\">Datos requeridos para levantar el reporte por robo de una unidad:<\/span><\/p>\n\n\n\n<ul><li style=\"font-weight: 400;\" aria-level=\"1\"><i><span style=\"font-weight: 400;\">A\u00f1o, marca, modelo y color del auto.<\/span><\/i><\/li><li style=\"font-weight: 400;\" aria-level=\"1\"><i><span style=\"font-weight: 400;\">N\u00famero de matr\u00edcula.<\/span><\/i><\/li><li style=\"font-weight: 400;\" aria-level=\"1\"><i><span style=\"font-weight: 400;\">N\u00famero de identificaci\u00f3n del auto (VIN)<\/span><\/i><i><span style=\"font-weight: 400;\"><br><\/span><\/i><\/li><\/ul>\n\n\n\n<p><span style=\"font-weight: 400;\">Cuando eso ocurra, debes recordar que es de suma importancia que reportes el hecho lo m\u00e1s r\u00e1pido posible, para que la aseguradora y la empresa de seguros pueda moverse en la b\u00fasqueda de la unidad y puedan recuperarlo y tambi\u00e9n es importante que seas puntual con los documentos que solicitan.<\/span><\/p>\n\n\n\n<h5><b>\u00bfQu\u00e9 hacer en caso de siniestro?<\/b><\/h5>\n\n\n\n<p><span style=\"font-weight: 400;\">En caso de que hayas sido v\u00edctima de un accidente de auto, no olvides que debes reportar inmediatamente el suceso a los siguientes n\u00fameros de ABA Seguros y si es que cuentas con ABA Seguros Cobertura Limitada indicar el tipo de cobertura que tienes y el n\u00famero de p\u00f3liza para que te busquen en el servidor y sea m\u00e1s r\u00e1pido el tr\u00e1mite.<\/span><\/p>\n\n\n\n<ul><li><i><span style=\"font-weight: 400;\">CDMX, Guadalajara o Monterrey al: <a href=\"tel:8112533030\">811 253 3030<\/a><\/span><\/i><\/li><li><i><i><span style=\"font-weight: 400;\">Resto de la Rep\u00fablica: <a href=\"tel:800834340\">800 834 340<\/a><\/span><\/i><\/i><\/li><\/ul>\n\n\n\n<p><span style=\"font-weight: 400;\">Al reportarlo de ser posible ten a la mano la siguiente informaci\u00f3n:<\/span><\/p>\n\n\n\n<ul><li><i><span style=\"font-weight: 400;\">N\u00famero de P\u00f3liza<\/span><\/i><\/li><li><i><span style=\"font-weight: 400;\">Marca y tipo de veh\u00edculo<\/span><span style=\"font-weight: 400;\"><\/span><\/i><\/li><li><i><span style=\"font-weight: 400;\">Color y Placas<\/span><\/i><\/li><li><i><span style=\"font-weight: 400;\">Nombre del conducto<\/span><\/i><\/li><\/ul>\n\n\n\n<p><i><span style=\"font-weight: 400;\">Cuando llegue el ajustador de seguro debes tener en la mano:<\/span><\/i><\/p>\n\n\n\n<ul><li><i><span style=\"font-weight: 400;\">La p\u00f3liza de seguro<\/span><\/i><\/li><li><i><span style=\"font-weight: 400;\">Licencia o permiso de conducir<\/span><\/i><i><span style=\"font-weight: 400;\"><br><\/span><\/i><\/li><\/ul>\n\n\n\n<h3>Con la cobertura limitada de ABA Seguros, protege lo esencial y conduce con tranquilidad<\/h3>\n\n\n\n<p>Para terminar en MejorSegurodeAuto.Mx te queremos compartir la mejor informaci\u00f3n, pero debes saber algo antes. Un seguro de cobertura limitada es importante por todo lo que incluye como: robo total, da\u00f1os materiales, <a rel=\"noopener\" href=\"https:\/\/mejorsegurodeauto.mx\/blog\/responsabilidad-civil-cobertura-obligatoria\/\" target=\"_blank\">responsabilidad civil<\/a> entre otros. Tu no te preocupes podr\u00e1s encontrar la mejor informaci\u00f3n a tu alcance por lo que te recomendamos que contrates el seguro de cobertura limitada con nosotros.<\/p>\n","protected":false},"excerpt":{"rendered":"<p>Descubre los mejores beneficios de la cobertura limitada de ABA Seguros en MejorSegurodeAuto.Mx En M\u00e9xico se tiene estipulado una nueva ley en donde indican que todos los autos, sin importar a\u00f1o, modelo, marca o el valor de \u00e9l, deb\u00eda contar con un seguro de auto y que mejor que elegir Con ABA Seguros Cobertura Limitada, [&hellip;]<\/p>\n","protected":false},"author":12,"featured_media":3482,"parent":0,"menu_order":0,"comment_status":"closed","ping_status":"closed","template":"","meta":[],"yst_prominent_words":[1147,1145,1154,27,26,1051,47,1156,20,5,41,39,1148,1155],"_links":{"self":[{"href":"https:\/\/mejorsegurodeauto.mx\/blog\/wp-json\/wp\/v2\/pages\/1711"}],"collection":[{"href":"https:\/\/mejorsegurodeauto.mx\/blog\/wp-json\/wp\/v2\/pages"}],"about":[{"href":"https:\/\/mejorsegurodeauto.mx\/blog\/wp-json\/wp\/v2\/types\/page"}],"author":[{"embeddable":true,"href":"https:\/\/mejorsegurodeauto.mx\/blog\/wp-json\/wp\/v2\/users\/12"}],"replies":[{"embeddable":true,"href":"https:\/\/mejorsegurodeauto.mx\/blog\/wp-json\/wp\/v2\/comments?post=1711"}],"version-history":[{"count":17,"href":"https:\/\/mejorsegurodeauto.mx\/blog\/wp-json\/wp\/v2\/pages\/1711\/revisions"}],"predecessor-version":[{"id":3610,"href":"https:\/\/mejorsegurodeauto.mx\/blog\/wp-json\/wp\/v2\/pages\/1711\/revisions\/3610"}],"wp:featuredmedia":[{"embeddable":true,"href":"https:\/\/mejorsegurodeauto.mx\/blog\/wp-json\/wp\/v2\/media\/3482"}],"wp:attachment":[{"href":"https:\/\/mejorsegurodeauto.mx\/blog\/wp-json\/wp\/v2\/media?parent=1711"}],"wp:term":[{"taxonomy":"yst_prominent_words","embeddable":true,"href":"https:\/\/mejorsegurodeauto.mx\/blog\/wp-json\/wp\/v2\/yst_prominent_words?post=1711"}],"curies":[{"name":"wp","href":"https:\/\/api.w.org\/{rel}","templated":true}]}}